{"id":3166,"date":"2020-06-29T09:38:03","date_gmt":"2020-06-29T07:38:03","guid":{"rendered":"https:\/\/amissolutions.com\/video-camera-integration\/"},"modified":"2024-04-17T13:29:57","modified_gmt":"2024-04-17T11:29:57","slug":"video-camera-integration","status":"publish","type":"page","link":"https:\/\/amissolutions.com\/de\/video-camera-integration\/","title":{"rendered":"Integration von Videokameras"},"content":{"rendered":"<p>[et_pb_section fb_built=&#8220;1&#8243; _builder_version=&#8220;4.16&#8243; background_color=&#8220;#ffffff&#8220; background_enable_image=&#8220;off&#8220; background_position=&#8220;top_right&#8220; height=&#8220;100vh&#8220; height_tablet=&#8220;auto&#8220; height_phone=&#8220;auto&#8220; height_last_edited=&#8220;on|phone&#8220; max_height=&#8220;500px&#8220; max_height_tablet=&#8220;initial&#8220; max_height_phone=&#8220;initial&#8220; max_height_last_edited=&#8220;on|tablet&#8220; global_colors_info=&#8220;{}&#8220;][et_pb_row column_structure=&#8220;3_5,2_5&#8243; _builder_version=&#8220;4.16&#8243; global_colors_info=&#8220;{}&#8220;][et_pb_column type=&#8220;3_5&#8243; _builder_version=&#8220;4.16&#8243; global_colors_info=&#8220;{}&#8220;][et_pb_text _builder_version=&#8220;4.16&#8243; header_font_size=&#8220;40px&#8220; global_colors_info=&#8220;{}&#8220;]<\/p>\n<h1>Integration von Videokameras<\/h1>\n<h3>Auf dem AMiS<span style=\"color: #dd0100;\">-X<\/span><\/h3>\n<p>[\/et_pb_text][et_pb_text _builder_version=&#8220;4.16&#8243; header_font_size=&#8220;40px&#8220; global_colors_info=&#8220;{}&#8220;]<\/p>\n<p>Die Integration in den AMiS-X bietet eine erstklassige Optik und naturgetreue Videobilder, die das Gef\u00fchl vermitteln, im selben Raum zu sitzen. Selbst wenn Sie tausend Kilometer entfernt sind. Durch die Integration in den AMiS-X erm\u00f6glicht das System Videokonferenzen und Videogespr\u00e4che auf einer ergonomisch mobilen L\u00f6sung durchzuf\u00fchren.<\/p>\n<p>[\/et_pb_text][\/et_pb_column][et_pb_column type=&#8220;2_5&#8243; _builder_version=&#8220;4.16&#8243; global_colors_info=&#8220;{}&#8220;][et_pb_image src=&#8220;https:\/\/amissolutions.com\/wp-content\/uploads\/2020\/06\/ptz-pro-2-camera.png&#8220; _builder_version=&#8220;4.16&#8243; global_colors_info=&#8220;{}&#8220;][\/et_pb_image][\/et_pb_column][\/et_pb_row][\/et_pb_section][et_pb_section fb_built=&#8220;1&#8243; admin_label=&#8220;Testimonial&#8220; _builder_version=&#8220;4.24.3&#8243; background_color=&#8220;#494949&#8243; custom_padding=&#8220;20px||0px||false|false&#8220; hover_enabled=&#8220;0&#8243; global_colors_info=&#8220;{}&#8220; sticky_enabled=&#8220;0&#8243;][et_pb_row _builder_version=&#8220;4.16&#8243; global_colors_info=&#8220;{}&#8220;][et_pb_column type=&#8220;4_4&#8243; _builder_version=&#8220;4.16&#8243; global_colors_info=&#8220;{}&#8220;][et_pb_testimonial quote_icon=&#8220;off&#8220; _builder_version=&#8220;4.16&#8243; body_font=&#8220;||||||||&#8220; body_font_size=&#8220;36px&#8220; author_text_color=&#8220;#4a4a4a&#8220; author_font_size=&#8220;20px&#8220; position_text_color=&#8220;#4a4a4a&#8220; position_font_size=&#8220;19px&#8220; company_text_color=&#8220;#4a4a4a&#8220; company_font_size=&#8220;19px&#8220; background_color=&#8220;rgba(0,0,0,0)&#8220; text_orientation=&#8220;center&#8220; background_layout=&#8220;dark&#8220; body_font_size_tablet=&#8220;&#8220; body_font_size_phone=&#8220;24px&#8220; body_font_size_last_edited=&#8220;on|desktop&#8220; global_colors_info=&#8220;{}&#8220;]<\/p>\n<p style=\"text-align: center;\">&#8222;Mit der Kameraintegration k\u00f6nnen \u00c4rzte von Extern auf Prozesse in der Behandlung zugreifen. Kosten und Zeit werden minimiert.\u201d<\/p>\n<p>[\/et_pb_testimonial][\/et_pb_column][\/et_pb_row][\/et_pb_section][et_pb_section fb_built=&#8220;1&#8243; disabled_on=&#8220;on|off|off&#8220; admin_label=&#8220;Features&#8220; _builder_version=&#8220;4.24.3&#8243; background_color=&#8220;#0A0A0A&#8220; background_enable_image=&#8220;off&#8220; background_position=&#8220;top_center&#8220; height=&#8220;350px&#8220; hover_enabled=&#8220;0&#8243; global_colors_info=&#8220;{}&#8220; sticky_enabled=&#8220;0&#8243;][et_pb_row column_structure=&#8220;1_4,1_4,1_4,1_4&#8243; disabled_on=&#8220;on|off|off&#8220; _builder_version=&#8220;4.16&#8243; custom_margin=&#8220;|414px||auto||&#8220; custom_padding=&#8220;|0px||||&#8220; global_colors_info=&#8220;{}&#8220;][et_pb_column type=&#8220;1_4&#8243; _builder_version=&#8220;4.16&#8243; global_colors_info=&#8220;{}&#8220;][et_pb_blurb title=&#8220;Bild&#8220; _builder_version=&#8220;4.24.3&#8243; header_level=&#8220;h1&#8243; header_text_align=&#8220;center&#8220; header_text_color=&#8220;#DD0100&#8243; header_font_size=&#8220;40px&#8220; body_text_align=&#8220;center&#8220; body_text_color=&#8220;#ffffff&#8220; text_orientation=&#8220;center&#8220; animation_style=&#8220;zoom&#8220; hover_enabled=&#8220;0&#8243; global_colors_info=&#8220;{}&#8220; sticky_enabled=&#8220;0&#8243;]<\/p>\n<p>Breitbildschirm mit einem diagonalen Sichtfeld von 90\u00b0<\/p>\n<p>[\/et_pb_blurb][\/et_pb_column][et_pb_column type=&#8220;1_4&#8243; _builder_version=&#8220;4.16&#8243; global_colors_info=&#8220;{}&#8220;][et_pb_blurb title=&#8220;Linse&#8220; _builder_version=&#8220;4.24.3&#8243; header_level=&#8220;h1&#8243; header_text_align=&#8220;center&#8220; header_text_color=&#8220;#DD0100&#8243; header_font_size=&#8220;40px&#8220; body_text_align=&#8220;center&#8220; body_text_color=&#8220;#ffffff&#8220; text_orientation=&#8220;center&#8220; animation_style=&#8220;zoom&#8220; hover_enabled=&#8220;0&#8243; global_colors_info=&#8220;{}&#8220; sticky_enabled=&#8220;0&#8243;]<\/p>\n<p>10-fach Zoomobjektiv mit Autofokus<\/p>\n<p>[\/et_pb_blurb][\/et_pb_column][et_pb_column type=&#8220;1_4&#8243; _builder_version=&#8220;4.16&#8243; global_colors_info=&#8220;{}&#8220;][et_pb_blurb title=&#8220;Audio&#8220; _builder_version=&#8220;4.24.3&#8243; header_level=&#8220;h1&#8243; header_text_align=&#8220;center&#8220; header_text_color=&#8220;#DD0100&#8243; header_font_size=&#8220;40px&#8220; body_text_align=&#8220;center&#8220; body_text_color=&#8220;#ffffff&#8220; text_orientation=&#8220;center&#8220; animation_style=&#8220;zoom&#8220; hover_enabled=&#8220;0&#8243; global_colors_info=&#8220;{}&#8220; sticky_enabled=&#8220;0&#8243;]<\/p>\n<p>Kristallklarer Ton f\u00fcr bis zu 14 &#8211; 20h (Standard + Erweiterung)<\/p>\n<p>[\/et_pb_blurb][\/et_pb_column][et_pb_column type=&#8220;1_4&#8243; _builder_version=&#8220;4.16&#8243; global_colors_info=&#8220;{}&#8220;][et_pb_blurb title=&#8220;Desinfektion&#8220; _builder_version=&#8220;4.24.3&#8243; header_level=&#8220;h1&#8243; header_text_align=&#8220;center&#8220; header_text_color=&#8220;#DD0100&#8243; header_font_size=&#8220;40px&#8220; body_text_align=&#8220;center&#8220; body_text_color=&#8220;#ffffff&#8220; text_orientation=&#8220;center&#8220; custom_margin=&#8220;|-21px||||&#8220; animation_style=&#8220;zoom&#8220; hover_enabled=&#8220;0&#8243; global_colors_info=&#8220;{}&#8220; sticky_enabled=&#8220;0&#8243;]<\/p>\n<p>Leicht zu reinigen und zu desinfizieren<\/p>\n<p>[\/et_pb_blurb][\/et_pb_column][\/et_pb_row][\/et_pb_section][et_pb_section fb_built=&#8220;1&#8243; _builder_version=&#8220;4.16&#8243; max_height=&#8220;1000px&#8220; global_colors_info=&#8220;{}&#8220;][et_pb_row column_structure=&#8220;2_3,1_3&#8243; _builder_version=&#8220;4.16&#8243; global_colors_info=&#8220;{}&#8220;][et_pb_column type=&#8220;2_3&#8243; _builder_version=&#8220;4.16&#8243; global_colors_info=&#8220;{}&#8220;][et_pb_text _builder_version=&#8220;4.16&#8243; header_text_color=&#8220;#4a4a4a&#8220; global_colors_info=&#8220;{}&#8220;]<\/p>\n<h1>Merkmale<\/h1>\n<p><span style=\"color: #b3be0e;\"><strong>+<\/strong> <\/span>\u00dcber dem Monitor ist eine HD-Kamera montiert. Mit der Fernbedienung kann sie in zwei Richtungen gedreht werden und erlaubt eine bis zu 10-fache Vergr\u00f6\u00dferung.<\/p>\n<p><span style=\"color: #b3be0e;\"><strong>+<\/strong> <\/span>Das System erm\u00f6glicht Videokonferenzen und Videoanrufe von der AMiS aus.\u00a0<\/p>\n<p><span style=\"color: #b3be0e;\"><strong>+<\/strong> <\/span>Das Lautsprecher und das Mikrofon-Set kann auf die AMiS-Arbeitsplatte gestellt werden. Die Komponenten haben eine Reichweite von 6 Metern und umfassen Echo- und Ger\u00e4uschunterdr\u00fcckung.<\/p>\n<p><span style=\"color: #b3be0e;\"><strong>+<\/strong> <\/span>Eine integrierte Software mit k\u00fcnstlicher Intelligenz (KI) erkennt Gesichter. Es k\u00f6nnen mehrere Personen gleichzeitig untersucht werden. Nach Gebrauch k\u00f6nnen die Komponenten im Schubladenfach aufbewahrt werden.<\/p>\n<p>[\/et_pb_text][\/et_pb_column][et_pb_column type=&#8220;1_3&#8243; _builder_version=&#8220;4.16&#8243; global_colors_info=&#8220;{}&#8220;][et_pb_image src=&#8220;https:\/\/amissolutions.com\/wp-content\/uploads\/2020\/06\/Logitech-amis.png&#8220; _builder_version=&#8220;4.16&#8243; max_height=&#8220;800px&#8220; global_colors_info=&#8220;{}&#8220;][\/et_pb_image][\/et_pb_column][\/et_pb_row][\/et_pb_section][et_pb_section fb_built=&#8220;1&#8243; disabled_on=&#8220;off|off|off&#8220; _builder_version=&#8220;4.16&#8243; background_image=&#8220;https:\/\/amissolutions.com\/wp-content\/uploads\/2020\/06\/AMiS-X-2.jpg&#8220; background_position=&#8220;top_center&#8220; custom_padding=&#8220;100px||100px||false|false&#8220; global_colors_info=&#8220;{}&#8220;][et_pb_row _builder_version=&#8220;4.16&#8243; global_colors_info=&#8220;{}&#8220;][et_pb_column type=&#8220;4_4&#8243; _builder_version=&#8220;4.16&#8243; global_colors_info=&#8220;{}&#8220;][et_pb_text _builder_version=&#8220;4.16&#8243; text_font_size=&#8220;32px&#8220; text_line_height=&#8220;1.5em&#8220; header_2_font=&#8220;|800|||||||&#8220; header_2_font_size=&#8220;50px&#8220; text_orientation=&#8220;center&#8220; background_layout=&#8220;dark&#8220; max_width=&#8220;440px&#8220; module_alignment=&#8220;center&#8220; text_font_size_tablet=&#8220;&#8220; text_font_size_phone=&#8220;20px&#8220; text_font_size_last_edited=&#8220;on|desktop&#8220; header_2_font_size_tablet=&#8220;40px&#8220; header_2_font_size_phone=&#8220;30px&#8220; header_2_font_size_last_edited=&#8220;on|phone&#8220; text_text_align=&#8220;center&#8220; global_colors_info=&#8220;{}&#8220;]<\/p>\n<h2>Weitere Informationen \u00fcber die Integration von Videokameras?<\/h2>\n<p>&nbsp;<\/p>\n<p>[\/et_pb_text][et_pb_divider show_divider=&#8220;off&#8220; admin_label=&#8220;Divider&#8220; _builder_version=&#8220;4.16&#8243; custom_margin=&#8220;20px||20px||false|false&#8220; global_colors_info=&#8220;{}&#8220;][\/et_pb_divider][et_pb_button button_url=&#8220;https:\/\/amissolutions.com\/de\/contact\/&#8220; button_text=&#8220;Kontaktieren Sie uns!&#8220; button_alignment=&#8220;center&#8220; _builder_version=&#8220;4.16&#8243; global_colors_info=&#8220;{}&#8220;][\/et_pb_button][\/et_pb_column][\/et_pb_row][\/et_pb_section]<\/p>\n","protected":false},"excerpt":{"rendered":"<p>Integration von Videokameras Auf dem AMiS-XDie Integration in den AMiS-X bietet eine erstklassige Optik und naturgetreue Videobilder, die das Gef\u00fchl vermitteln, im selben Raum zu sitzen. Selbst wenn Sie tausend Kilometer entfernt sind. Durch die Integration in den AMiS-X erm\u00f6glicht das System Videokonferenzen und Videogespr\u00e4che auf einer ergonomisch mobilen L\u00f6sung durchzuf\u00fchren.&#8220;Mit der Kameraintegration k\u00f6nnen \u00c4rzte [&hellip;]<\/p>\n","protected":false},"author":2,"featured_media":0,"parent":0,"menu_order":0,"comment_status":"closed","ping_status":"closed","template":"","meta":{"_et_pb_use_builder":"on","_et_pb_old_content":"","_et_gb_content_width":"","footnotes":"","_links_to":"","_links_to_target":""},"class_list":["post-3166","page","type-page","status-publish","hentry"],"yoast_head":"<!-- This site is optimized with the Yoast SEO plugin v27.5 - https:\/\/yoast.com\/product\/yoast-seo-wordpress\/ -->\n<title>Integration von Videokameras - AMiS<\/title>\n<meta name=\"description\" content=\"At AMiS, we offer innovative medical solutions to improve hospital workflows. Read everything about Integration von Videokameras on our website.\" \/>\n<meta name=\"robots\" content=\"noindex, follow\" \/>\n<meta property=\"og:locale\" content=\"de_DE\" \/>\n<meta property=\"og:type\" content=\"article\" \/>\n<meta property=\"og:title\" content=\"Integration von Videokameras - AMiS\" \/>\n<meta property=\"og:description\" content=\"At AMiS, we offer innovative medical solutions to improve hospital workflows. Read everything about Integration von Videokameras on our website.\" \/>\n<meta property=\"og:url\" content=\"https:\/\/amissolutions.com\/de\/video-camera-integration\/\" \/>\n<meta property=\"og:site_name\" content=\"AMiS\" \/>\n<meta property=\"article:modified_time\" content=\"2024-04-17T11:29:57+00:00\" \/>\n<meta name=\"twitter:card\" content=\"summary_large_image\" \/>\n<meta name=\"twitter:label1\" content=\"Gesch\u00e4tzte Lesezeit\" \/>\n\t<meta name=\"twitter:data1\" content=\"5\u00a0Minuten\" \/>\n<script type=\"application\/ld+json\" class=\"yoast-schema-graph\">{\"@context\":\"https:\\\/\\\/schema.org\",\"@graph\":[{\"@type\":\"WebPage\",\"@id\":\"https:\\\/\\\/amissolutions.com\\\/de\\\/video-camera-integration\\\/\",\"url\":\"https:\\\/\\\/amissolutions.com\\\/de\\\/video-camera-integration\\\/\",\"name\":\"Integration von Videokameras - AMiS\",\"isPartOf\":{\"@id\":\"https:\\\/\\\/amissolutions.com\\\/de\\\/#website\"},\"datePublished\":\"2020-06-29T07:38:03+00:00\",\"dateModified\":\"2024-04-17T11:29:57+00:00\",\"description\":\"At AMiS, we offer innovative medical solutions to improve hospital workflows. Read everything about Integration von Videokameras on our website.\",\"breadcrumb\":{\"@id\":\"https:\\\/\\\/amissolutions.com\\\/de\\\/video-camera-integration\\\/#breadcrumb\"},\"inLanguage\":\"de\",\"potentialAction\":[{\"@type\":\"ReadAction\",\"target\":[\"https:\\\/\\\/amissolutions.com\\\/de\\\/video-camera-integration\\\/\"]}]},{\"@type\":\"BreadcrumbList\",\"@id\":\"https:\\\/\\\/amissolutions.com\\\/de\\\/video-camera-integration\\\/#breadcrumb\",\"itemListElement\":[{\"@type\":\"ListItem\",\"position\":1,\"name\":\"Home\",\"item\":\"https:\\\/\\\/amissolutions.com\\\/de\\\/\"},{\"@type\":\"ListItem\",\"position\":2,\"name\":\"Integration von Videokameras\"}]},{\"@type\":\"WebSite\",\"@id\":\"https:\\\/\\\/amissolutions.com\\\/de\\\/#website\",\"url\":\"https:\\\/\\\/amissolutions.com\\\/de\\\/\",\"name\":\"AMiS\",\"description\":\"The Digital Revolution in Nursing\",\"publisher\":{\"@id\":\"https:\\\/\\\/amissolutions.com\\\/de\\\/#organization\"},\"potentialAction\":[{\"@type\":\"SearchAction\",\"target\":{\"@type\":\"EntryPoint\",\"urlTemplate\":\"https:\\\/\\\/amissolutions.com\\\/de\\\/?s={search_term_string}\"},\"query-input\":{\"@type\":\"PropertyValueSpecification\",\"valueRequired\":true,\"valueName\":\"search_term_string\"}}],\"inLanguage\":\"de\"},{\"@type\":\"Organization\",\"@id\":\"https:\\\/\\\/amissolutions.com\\\/de\\\/#organization\",\"name\":\"Amis Solutions\",\"url\":\"https:\\\/\\\/amissolutions.com\\\/de\\\/\",\"logo\":{\"@type\":\"ImageObject\",\"inLanguage\":\"de\",\"@id\":\"https:\\\/\\\/amissolutions.com\\\/de\\\/#\\\/schema\\\/logo\\\/image\\\/\",\"url\":\"https:\\\/\\\/amissolutions.com\\\/wp-content\\\/uploads\\\/2020\\\/05\\\/logo.png\",\"contentUrl\":\"https:\\\/\\\/amissolutions.com\\\/wp-content\\\/uploads\\\/2020\\\/05\\\/logo.png\",\"width\":547,\"height\":341,\"caption\":\"Amis Solutions\"},\"image\":{\"@id\":\"https:\\\/\\\/amissolutions.com\\\/de\\\/#\\\/schema\\\/logo\\\/image\\\/\"}}]}<\/script>\n<!-- \/ Yoast SEO plugin. -->","yoast_head_json":{"title":"Integration von Videokameras - AMiS","description":"At AMiS, we offer innovative medical solutions to improve hospital workflows. Read everything about Integration von Videokameras on our website.","robots":{"index":"noindex","follow":"follow"},"og_locale":"de_DE","og_type":"article","og_title":"Integration von Videokameras - AMiS","og_description":"At AMiS, we offer innovative medical solutions to improve hospital workflows. Read everything about Integration von Videokameras on our website.","og_url":"https:\/\/amissolutions.com\/de\/video-camera-integration\/","og_site_name":"AMiS","article_modified_time":"2024-04-17T11:29:57+00:00","twitter_card":"summary_large_image","twitter_misc":{"Gesch\u00e4tzte Lesezeit":"5\u00a0Minuten"},"schema":{"@context":"https:\/\/schema.org","@graph":[{"@type":"WebPage","@id":"https:\/\/amissolutions.com\/de\/video-camera-integration\/","url":"https:\/\/amissolutions.com\/de\/video-camera-integration\/","name":"Integration von Videokameras - AMiS","isPartOf":{"@id":"https:\/\/amissolutions.com\/de\/#website"},"datePublished":"2020-06-29T07:38:03+00:00","dateModified":"2024-04-17T11:29:57+00:00","description":"At AMiS, we offer innovative medical solutions to improve hospital workflows. Read everything about Integration von Videokameras on our website.","breadcrumb":{"@id":"https:\/\/amissolutions.com\/de\/video-camera-integration\/#breadcrumb"},"inLanguage":"de","potentialAction":[{"@type":"ReadAction","target":["https:\/\/amissolutions.com\/de\/video-camera-integration\/"]}]},{"@type":"BreadcrumbList","@id":"https:\/\/amissolutions.com\/de\/video-camera-integration\/#breadcrumb","itemListElement":[{"@type":"ListItem","position":1,"name":"Home","item":"https:\/\/amissolutions.com\/de\/"},{"@type":"ListItem","position":2,"name":"Integration von Videokameras"}]},{"@type":"WebSite","@id":"https:\/\/amissolutions.com\/de\/#website","url":"https:\/\/amissolutions.com\/de\/","name":"AMiS","description":"The Digital Revolution in Nursing","publisher":{"@id":"https:\/\/amissolutions.com\/de\/#organization"},"potentialAction":[{"@type":"SearchAction","target":{"@type":"EntryPoint","urlTemplate":"https:\/\/amissolutions.com\/de\/?s={search_term_string}"},"query-input":{"@type":"PropertyValueSpecification","valueRequired":true,"valueName":"search_term_string"}}],"inLanguage":"de"},{"@type":"Organization","@id":"https:\/\/amissolutions.com\/de\/#organization","name":"Amis Solutions","url":"https:\/\/amissolutions.com\/de\/","logo":{"@type":"ImageObject","inLanguage":"de","@id":"https:\/\/amissolutions.com\/de\/#\/schema\/logo\/image\/","url":"https:\/\/amissolutions.com\/wp-content\/uploads\/2020\/05\/logo.png","contentUrl":"https:\/\/amissolutions.com\/wp-content\/uploads\/2020\/05\/logo.png","width":547,"height":341,"caption":"Amis Solutions"},"image":{"@id":"https:\/\/amissolutions.com\/de\/#\/schema\/logo\/image\/"}}]}},"_links":{"self":[{"href":"https:\/\/amissolutions.com\/de\/wp-json\/wp\/v2\/pages\/3166","targetHints":{"allow":["GET"]}}],"collection":[{"href":"https:\/\/amissolutions.com\/de\/wp-json\/wp\/v2\/pages"}],"about":[{"href":"https:\/\/amissolutions.com\/de\/wp-json\/wp\/v2\/types\/page"}],"author":[{"embeddable":true,"href":"https:\/\/amissolutions.com\/de\/wp-json\/wp\/v2\/users\/2"}],"replies":[{"embeddable":true,"href":"https:\/\/amissolutions.com\/de\/wp-json\/wp\/v2\/comments?post=3166"}],"version-history":[{"count":2,"href":"https:\/\/amissolutions.com\/de\/wp-json\/wp\/v2\/pages\/3166\/revisions"}],"predecessor-version":[{"id":19828,"href":"https:\/\/amissolutions.com\/de\/wp-json\/wp\/v2\/pages\/3166\/revisions\/19828"}],"wp:attachment":[{"href":"https:\/\/amissolutions.com\/de\/wp-json\/wp\/v2\/media?parent=3166"}],"curies":[{"name":"wp","href":"https:\/\/api.w.org\/{rel}","templated":true}]}}