{"id":3153,"date":"2020-06-29T14:01:53","date_gmt":"2020-06-29T12:01:53","guid":{"rendered":"https:\/\/amissolutions.com\/privacy\/"},"modified":"2020-08-06T15:20:39","modified_gmt":"2020-08-06T13:20:39","slug":"datenschutzerklaerung","status":"publish","type":"page","link":"https:\/\/amissolutions.com\/de\/datenschutzerklaerung\/","title":{"rendered":"Datenschutzerkl\u00e4rung"},"content":{"rendered":"<p>[et_pb_section fb_built=&#8220;1&#8243; _builder_version=&#8220;3.26.6&#8243;][et_pb_row _builder_version=&#8220;3.26.6&#8243;][et_pb_column type=&#8220;4_4&#8243; _builder_version=&#8220;3.26.6&#8243;][et_pb_text _builder_version=&#8220;3.26.6&#8243;]<\/p>\n<h1>Datenschutzerkl\u00e4rung<\/h1>\n<p>Verantwortliche Stelle im Sinne der Datenschutzgesetze, insbesondere der EU-Datenschutzgrundverordnung (EU-DSGVO) ist:<\/p>\n<p>M\u00fcnsterstra\u00dfe 44c<br \/>48351 Everswinkel<br \/>Deutschland<br \/>Telefon: +49 (0)2582 2119858<br \/>Telefax: +49 (0)2582 2119859<br \/>E-Mail: info@alphatronmedical.de<br \/>Internet:\u00a0<a href=\"http:\/\/www.alphatronmedical.de\/\">www.alphatronmedical.de<\/a><\/p>\n<p>Bei Fragen zu dieser Datenschutzerkl\u00e4rung kontaktieren Sie uns gerne unter:\u00a0<a href=\"mailto:info@alphatronmedical.de\">info@alphatronmedical.de\u00a0<\/a>oder unter +49 (0) 2582 2119858.<\/p>\n<p><strong>Personenbezogene Daten die wir verarbeiten:<br \/><\/strong>Wir verarbeiten Ihre personenbezogenen Daten nur zu den in dieser Datenschutzerkl\u00e4rung genannten Zwecken. Eine \u00dcbermittlung Ihrer pers\u00f6nlichen Daten an Dritte zu anderen als den genannten Zwecken findet nicht statt. Nachfolgend finden Sie einen \u00dcberblick \u00fcber die von uns verarbeiteten personenbezogenen Daten:<\/p>\n<ul>\n<li>Name und Vorname<\/li>\n<li>Adressdaten<\/li>\n<li>Telefonnummer<\/li>\n<li>E-Mail Adresse<\/li>\n<li>Zus\u00e4tzliche pers\u00f6nliche Daten, welche Sie uns aktiv selbst \u00fcbermittelt haben, wie z. B. Erstellung eines Profils auf unserer Webseite<\/li>\n<li>Im Gespr\u00e4ch oder am Telefon<\/li>\n<li>Informationen \u00fcber Ihre Aktivit\u00e4ten auf unserer Webseite (aufgerufene Seiten, Bilder usw.)<\/li>\n<li>Version des Internet Browsers und des verwendeten Ger\u00e4tetypen (z. B. PC, Smartphone o. \u00c4.). Hierbei handelt es sich ausschlie\u00dflich um Informationen, welche keine R\u00fcckschl\u00fcsse auf Ihre Person zulassen. <br \/>Diese Informationen sind technisch notwendig, um von Ihnen angeforderte Inhalte von Webseiten korrekt auszuliefern und fallen bei Nutzung des Internets zwingend an. Sie werden insbesondere zu folgenden Zwecken verarbeitet:<\/li>\n<li>Sicherstellung eines problemlosen Verbindungsaufbaus der Website,<\/li>\n<li>Sicherstellung einer reibungslosen Nutzung unserer Website,<\/li>\n<li>Auswertung der Systemsicherheit und -stabilit\u00e4t sowie zu weiteren administrativen Zwecken<\/li>\n<\/ul>\n<p>Die Verarbeitung Ihrer personenbezogenen Daten basiert auf unserem berechtigten Interesse aus den vorgenannten Zwecken zur Datenerhebung. Wir verwenden Ihre Daten nicht, um R\u00fcckschl\u00fcsse auf Ihre Person zu ziehen. Empf\u00e4nger der Daten sind nur die verantwortliche Stelle und ggf. Auftragsverarbeiter.<br \/>Anonyme Informationen dieser Art werden von uns ggfs. statistisch ausgewertet, um unseren Internetauftritt und die dahinterstehende Technik zu optimieren.<\/p>\n<p><strong>Spezielle und\/oder sensible personenbezogene Daten, welche wir verarbeiten:<br \/><\/strong>Unsere Webseite und\/oder Service beabsichtigt nicht, Informationen \u00fcber Webseiten-Besucher zu sammeln, die j\u00fcnger als 16 Jahre sind,\u00a0 es sei denn, sie haben die Erlaubnis Ihrer Eltern oder Erziehungsberechtigten. Wir k\u00f6nnen jedoch nicht \u00fcberpr\u00fcfen, ob ein Besucher \u00e4lter als 16 Jahre ist. Wir ermutigen Eltern, sich an den Online-Aktivit\u00e4ten ihrer Kinder zu beteiligen, um zu verhindern, dass Daten \u00fcber Kinder ohne Zustimmung der Eltern gesammelt werden. Wenn Sie \u00fcberzeugt sind, dass wir ohne diese Zustimmung pers\u00f6nliche Informationen \u00fcber Minderj\u00e4hrige gesammelt haben, kontaktieren Sie uns bitte unter\u00a0<a href=\"mailto:info@alphatronmedical.de\">info@alphatronmedical.de<\/a>\u00a0und wir werden diese Informationen l\u00f6schen.<\/p>\n<p><strong>F\u00fcr welche Zwecke und auf welcher Basis wir personenbezogene Daten verarbeiten:<br \/><\/strong>Die Alphatron Medical GmbH verarbeitet personenbezogene Daten f\u00fcr folgende Zwecke:<strong>\u00a0<\/strong><\/p>\n<ul>\n<li>F\u00fcr die Verarbeitung von Vertr\u00e4gen, einschlie\u00dflich der Angebotserstellung, Versand, Rechnungsstellung und Services und aller darum gegliederten und notwendigen Vorg\u00e4nge<\/li>\n<li>Zur Erf\u00fcllung einer rechtlichen Verpflichtung<\/li>\n<li>F\u00fcr die \u00dcbersendung unseres Newsletters und unseres Firmeneigenen Magazins \u201eMedical Motion\u201c<\/li>\n<li>F\u00fcr Telefonate oder E-Mails in Bezug auf die Durchf\u00fchrungen unserer Services (sofern notwendig)<\/li>\n<li>F\u00fcr die Information bei \u00c4nderungen unserer Services oder Produkte<\/li>\n<li>F\u00fcr die M\u00f6glichkeit der Erstellung eines eigenen personenbezogenen Accounts<\/li>\n<\/ul>\n<p><strong>Wie lange wir die Daten speichern:<br \/><\/strong>Wir halten uns an die Grunds\u00e4tze der Datenvermeidung und Datensparsamkeit. Die Alphatron Medical GmbH speichert Ihre personenbezogenen Daten daher nur so lange, wie dies zur Erreichung der hier genannten Zwecke erforderlich ist oder wie es die vom Gesetzgeber vorgesehenen vielf\u00e4ltigen Speicherfristen vorsehen. Nach Fortfall des jeweiligen Zweckes bzw. Ablauf dieser Fristen werden die entsprechenden Daten routinem\u00e4\u00dfig und entsprechend den gesetzlichen Vorschriften gesperrt oder gel\u00f6scht.<\/p>\n<p><strong>Weiterleitung Ihrer Daten an Dritte:<\/strong><br \/>Alphatron Medical GmbH verkauft keine Information an Dritte. Eine Weiterleitung an Dritte erfolgt nur, wenn dies zur Ausf\u00fchrung unserer Vereinbarung oder zur Erf\u00fcllung einer gesetzlichen Verpflichtung erforderlich ist.<br \/>Mit Unternehmen, die Ihre Daten in unserem Auftrag verarbeiten, schlie\u00dfen wir eine gesonderte Datenschutzerkl\u00e4rung ab, um das Ma\u00df an Sicherheit und Vertraulichkeit Ihrer Daten zu gew\u00e4hrleisten. Die Alphatron Medical GmbH bleibt f\u00fcr diese Verarbeitungsvorg\u00e4nge verantwortlich.<\/p>\n<p><strong>Cookies, oder vergleichbare Technologien, die wir benutzen:<\/strong><br \/>Die Alphatron Medical GmbH benutzt nur technische, funktionale und analytische Cookies, die die Privatsph\u00e4re nicht verletzen. Cookies sind kleine Textdateien, die von einem Websiteserver auf Ihre Festplatte \u00fcbertragen werden. Hierdurch erhalten wir automatisch bestimmte Daten wie z. B. IP-Adresse, verwendeter Browser, Betriebssystem und Ihre Verbindung zum Internet. Cookies k\u00f6nnen nicht verwendet werden, um Programme zu starten oder Viren auf einen Computer zu \u00fcbertragen. Anhand der in Cookies enthaltenen Informationen k\u00f6nnen wir Ihnen die Navigation erleichtern und die korrekte Anzeige unserer Webseiten erm\u00f6glichen. In keinem Fall werden die von uns erfassten Daten an Dritte weitergegeben oder ohne Ihre Einwilligung eine Verkn\u00fcpfung mit personenbezogenen Daten hergestellt. Nat\u00fcrlich k\u00f6nnen Sie unsere Website grunds\u00e4tzlich auch ohne Cookies betrachten. Internet-Browser sind regelm\u00e4\u00dfig so eingestellt, dass sie Cookies akzeptieren. Im Allgemeinen k\u00f6nnen Sie die Verwendung von Cookies jederzeit \u00fcber die Einstellungen Ihres Browsers deaktivieren. Bitte verwenden Sie die Hilfefunktionen Ihres Internetbrowsers, um zu erfahren, wie Sie diese Einstellungen \u00e4ndern k\u00f6nnen. Bitte beachten Sie, dass einzelne Funktionen unserer Website m\u00f6glicherweise nicht funktionieren, wenn Sie die Verwendung von Cookies deaktiviert haben.<\/p>\n<p><strong>Anzeigen, Korrigieren oder auch L\u00f6schen Ihrer Daten:<br \/><\/strong>Sie haben jederzeit das Recht auf ein Anzeigen, Korrigieren oder auch ein l\u00f6schen Ihrer personenbezogenen Daten. Sie haben auch das Recht, Ihre Einwilligung in die Datenverarbeitung zu widerrufen oder der Verarbeitung Ihrer personenbezogenen Daten durch die Alphatron Medical GmbH zu widersprechen, und Sie haben das Recht auf Daten\u00fcbertragbarkeit. Dies bedeutet, dass Sie eine Anfrage an uns senden k\u00f6nnen, um Ihre personenbezogenen Informationen, die wir in unserer Datenbank gespeichert haben, an Sie oder eine andere von Ihnen erw\u00e4hnte Organisation zu senden. Sie k\u00f6nnen \u00fcber das unten stehende Formular einen Antrag auf Einsichtnahme, Berichtigung, L\u00f6schung, Daten\u00fcbermittlung Ihrer personenbezogenen Daten, Widerruf Ihrer Einwilligung oder Widerspruch gegen die Verarbeitung Ihrer personenbezogenen Daten stellen.<\/p>\n<p><strong>Wie wir Ihre personenbezogenen Daten sch\u00fctzen:<br \/><\/strong>Die Alphatron Medical GmbH nimmt den Schutz Ihrer Daten sehr ernst und wir warden alle geeigneten Ma\u00dfnahmen ergreifen, um Missbrauch, Verlust, unberechtigter Zugang, unerw\u00fcnschte Offenlegung und unberechtigte \u00c4nderungen zu verhindern. Wenn Sie den Eindruck haben, dass Ihre Daten nicht sicher sind oder Anzeichen f\u00fcr Missbrauch vorliegen, wenden Sie sich bitte unter\u00a0<a href=\"mailto:info@alphatronmedical.de\">info@alphatronmedical.de<\/a>\u00a0direkt an uns.<\/p>\n<p><strong>\u00c4nderungen unserer Datenschutzbestimmung:<br \/><\/strong>Wir behalten uns vor, diese Datenschutzerkl\u00e4rung anzupassen, damit sie stets den aktuellen rechtlichen Anforderungen entspricht oder um \u00c4nderungen unserer Leistungen in der Datenschutzerkl\u00e4rung umzusetzen, z.B. bei der Einf\u00fchrung neuer Services. F\u00fcr Ihren erneuten Besuch gilt dann die neue Datenschutzerkl\u00e4rung.<\/p>\n<p>[\/et_pb_text][\/et_pb_column][\/et_pb_row][et_pb_row _builder_version=&#8220;3.26.6&#8243;][et_pb_column type=&#8220;4_4&#8243; _builder_version=&#8220;3.26.6&#8243;][et_pb_divider show_divider=&#8220;off&#8220; _builder_version=&#8220;3.26.6&#8243;][\/et_pb_divider][et_pb_wpt_gravityform admin_label=&#8220;Formulier&#8220; gravityform_id=&#8220;gf-10&#8243; _builder_version=&#8220;3.26.6&#8243;][\/et_pb_wpt_gravityform][\/et_pb_column][\/et_pb_row][\/et_pb_section]<\/p>\n","protected":false},"excerpt":{"rendered":"<p>Datenschutzerkl\u00e4rung Verantwortliche Stelle im Sinne der Datenschutzgesetze, insbesondere der EU-Datenschutzgrundverordnung (EU-DSGVO) ist: M\u00fcnsterstra\u00dfe 44c48351 EverswinkelDeutschlandTelefon: +49 (0)2582 2119858Telefax: +49 (0)2582 2119859E-Mail: info@alphatronmedical.deInternet:\u00a0www.alphatronmedical.de Bei Fragen zu dieser Datenschutzerkl\u00e4rung kontaktieren Sie uns gerne unter:\u00a0info@alphatronmedical.de\u00a0oder unter +49 (0) 2582 2119858. Personenbezogene Daten die wir verarbeiten:Wir verarbeiten Ihre personenbezogenen Daten nur zu den in dieser Datenschutzerkl\u00e4rung genannten Zwecken. Eine [&hellip;]<\/p>\n","protected":false},"author":2,"featured_media":0,"parent":0,"menu_order":0,"comment_status":"closed","ping_status":"closed","template":"","meta":{"_et_pb_use_builder":"on","_et_pb_old_content":"","_et_gb_content_width":"","footnotes":"","_links_to":"","_links_to_target":""},"class_list":["post-3153","page","type-page","status-publish","hentry"],"yoast_head":"<!-- This site is optimized with the Yoast SEO plugin v27.5 - https:\/\/yoast.com\/product\/yoast-seo-wordpress\/ -->\n<title>Datenschutzerkl\u00e4rung - AMiS<\/title>\n<meta name=\"description\" content=\"At AMiS, we offer innovative medical solutions to improve hospital workflows. Read everything about Datenschutzerkl\u00e4rung on our website.\" \/>\n<meta name=\"robots\" content=\"noindex, follow\" \/>\n<meta property=\"og:locale\" content=\"de_DE\" \/>\n<meta property=\"og:type\" content=\"article\" \/>\n<meta property=\"og:title\" content=\"Datenschutzerkl\u00e4rung - AMiS\" \/>\n<meta property=\"og:description\" content=\"At AMiS, we offer innovative medical solutions to improve hospital workflows. Read everything about Datenschutzerkl\u00e4rung on our website.\" \/>\n<meta property=\"og:url\" content=\"https:\/\/amissolutions.com\/de\/datenschutzerklaerung\/\" \/>\n<meta property=\"og:site_name\" content=\"AMiS\" \/>\n<meta property=\"article:modified_time\" content=\"2020-08-06T13:20:39+00:00\" \/>\n<meta name=\"twitter:card\" content=\"summary_large_image\" \/>\n<meta name=\"twitter:label1\" content=\"Gesch\u00e4tzte Lesezeit\" \/>\n\t<meta name=\"twitter:data1\" content=\"6\u00a0Minuten\" \/>\n<script type=\"application\/ld+json\" class=\"yoast-schema-graph\">{\"@context\":\"https:\\\/\\\/schema.org\",\"@graph\":[{\"@type\":\"WebPage\",\"@id\":\"https:\\\/\\\/amissolutions.com\\\/de\\\/datenschutzerklaerung\\\/\",\"url\":\"https:\\\/\\\/amissolutions.com\\\/de\\\/datenschutzerklaerung\\\/\",\"name\":\"Datenschutzerkl\u00e4rung - AMiS\",\"isPartOf\":{\"@id\":\"https:\\\/\\\/amissolutions.com\\\/de\\\/#website\"},\"datePublished\":\"2020-06-29T12:01:53+00:00\",\"dateModified\":\"2020-08-06T13:20:39+00:00\",\"description\":\"At AMiS, we offer innovative medical solutions to improve hospital workflows. Read everything about Datenschutzerkl\u00e4rung on our website.\",\"breadcrumb\":{\"@id\":\"https:\\\/\\\/amissolutions.com\\\/de\\\/datenschutzerklaerung\\\/#breadcrumb\"},\"inLanguage\":\"de\",\"potentialAction\":[{\"@type\":\"ReadAction\",\"target\":[\"https:\\\/\\\/amissolutions.com\\\/de\\\/datenschutzerklaerung\\\/\"]}]},{\"@type\":\"BreadcrumbList\",\"@id\":\"https:\\\/\\\/amissolutions.com\\\/de\\\/datenschutzerklaerung\\\/#breadcrumb\",\"itemListElement\":[{\"@type\":\"ListItem\",\"position\":1,\"name\":\"Home\",\"item\":\"https:\\\/\\\/amissolutions.com\\\/de\\\/\"},{\"@type\":\"ListItem\",\"position\":2,\"name\":\"Datenschutzerkl\u00e4rung\"}]},{\"@type\":\"WebSite\",\"@id\":\"https:\\\/\\\/amissolutions.com\\\/de\\\/#website\",\"url\":\"https:\\\/\\\/amissolutions.com\\\/de\\\/\",\"name\":\"AMiS\",\"description\":\"The Digital Revolution in Nursing\",\"publisher\":{\"@id\":\"https:\\\/\\\/amissolutions.com\\\/de\\\/#organization\"},\"potentialAction\":[{\"@type\":\"SearchAction\",\"target\":{\"@type\":\"EntryPoint\",\"urlTemplate\":\"https:\\\/\\\/amissolutions.com\\\/de\\\/?s={search_term_string}\"},\"query-input\":{\"@type\":\"PropertyValueSpecification\",\"valueRequired\":true,\"valueName\":\"search_term_string\"}}],\"inLanguage\":\"de\"},{\"@type\":\"Organization\",\"@id\":\"https:\\\/\\\/amissolutions.com\\\/de\\\/#organization\",\"name\":\"Amis Solutions\",\"url\":\"https:\\\/\\\/amissolutions.com\\\/de\\\/\",\"logo\":{\"@type\":\"ImageObject\",\"inLanguage\":\"de\",\"@id\":\"https:\\\/\\\/amissolutions.com\\\/de\\\/#\\\/schema\\\/logo\\\/image\\\/\",\"url\":\"https:\\\/\\\/amissolutions.com\\\/wp-content\\\/uploads\\\/2020\\\/05\\\/logo.png\",\"contentUrl\":\"https:\\\/\\\/amissolutions.com\\\/wp-content\\\/uploads\\\/2020\\\/05\\\/logo.png\",\"width\":547,\"height\":341,\"caption\":\"Amis Solutions\"},\"image\":{\"@id\":\"https:\\\/\\\/amissolutions.com\\\/de\\\/#\\\/schema\\\/logo\\\/image\\\/\"}}]}<\/script>\n<!-- \/ Yoast SEO plugin. -->","yoast_head_json":{"title":"Datenschutzerkl\u00e4rung - AMiS","description":"At AMiS, we offer innovative medical solutions to improve hospital workflows. Read everything about Datenschutzerkl\u00e4rung on our website.","robots":{"index":"noindex","follow":"follow"},"og_locale":"de_DE","og_type":"article","og_title":"Datenschutzerkl\u00e4rung - AMiS","og_description":"At AMiS, we offer innovative medical solutions to improve hospital workflows. Read everything about Datenschutzerkl\u00e4rung on our website.","og_url":"https:\/\/amissolutions.com\/de\/datenschutzerklaerung\/","og_site_name":"AMiS","article_modified_time":"2020-08-06T13:20:39+00:00","twitter_card":"summary_large_image","twitter_misc":{"Gesch\u00e4tzte Lesezeit":"6\u00a0Minuten"},"schema":{"@context":"https:\/\/schema.org","@graph":[{"@type":"WebPage","@id":"https:\/\/amissolutions.com\/de\/datenschutzerklaerung\/","url":"https:\/\/amissolutions.com\/de\/datenschutzerklaerung\/","name":"Datenschutzerkl\u00e4rung - AMiS","isPartOf":{"@id":"https:\/\/amissolutions.com\/de\/#website"},"datePublished":"2020-06-29T12:01:53+00:00","dateModified":"2020-08-06T13:20:39+00:00","description":"At AMiS, we offer innovative medical solutions to improve hospital workflows. Read everything about Datenschutzerkl\u00e4rung on our website.","breadcrumb":{"@id":"https:\/\/amissolutions.com\/de\/datenschutzerklaerung\/#breadcrumb"},"inLanguage":"de","potentialAction":[{"@type":"ReadAction","target":["https:\/\/amissolutions.com\/de\/datenschutzerklaerung\/"]}]},{"@type":"BreadcrumbList","@id":"https:\/\/amissolutions.com\/de\/datenschutzerklaerung\/#breadcrumb","itemListElement":[{"@type":"ListItem","position":1,"name":"Home","item":"https:\/\/amissolutions.com\/de\/"},{"@type":"ListItem","position":2,"name":"Datenschutzerkl\u00e4rung"}]},{"@type":"WebSite","@id":"https:\/\/amissolutions.com\/de\/#website","url":"https:\/\/amissolutions.com\/de\/","name":"AMiS","description":"The Digital Revolution in Nursing","publisher":{"@id":"https:\/\/amissolutions.com\/de\/#organization"},"potentialAction":[{"@type":"SearchAction","target":{"@type":"EntryPoint","urlTemplate":"https:\/\/amissolutions.com\/de\/?s={search_term_string}"},"query-input":{"@type":"PropertyValueSpecification","valueRequired":true,"valueName":"search_term_string"}}],"inLanguage":"de"},{"@type":"Organization","@id":"https:\/\/amissolutions.com\/de\/#organization","name":"Amis Solutions","url":"https:\/\/amissolutions.com\/de\/","logo":{"@type":"ImageObject","inLanguage":"de","@id":"https:\/\/amissolutions.com\/de\/#\/schema\/logo\/image\/","url":"https:\/\/amissolutions.com\/wp-content\/uploads\/2020\/05\/logo.png","contentUrl":"https:\/\/amissolutions.com\/wp-content\/uploads\/2020\/05\/logo.png","width":547,"height":341,"caption":"Amis Solutions"},"image":{"@id":"https:\/\/amissolutions.com\/de\/#\/schema\/logo\/image\/"}}]}},"_links":{"self":[{"href":"https:\/\/amissolutions.com\/de\/wp-json\/wp\/v2\/pages\/3153","targetHints":{"allow":["GET"]}}],"collection":[{"href":"https:\/\/amissolutions.com\/de\/wp-json\/wp\/v2\/pages"}],"about":[{"href":"https:\/\/amissolutions.com\/de\/wp-json\/wp\/v2\/types\/page"}],"author":[{"embeddable":true,"href":"https:\/\/amissolutions.com\/de\/wp-json\/wp\/v2\/users\/2"}],"replies":[{"embeddable":true,"href":"https:\/\/amissolutions.com\/de\/wp-json\/wp\/v2\/comments?post=3153"}],"version-history":[{"count":0,"href":"https:\/\/amissolutions.com\/de\/wp-json\/wp\/v2\/pages\/3153\/revisions"}],"wp:attachment":[{"href":"https:\/\/amissolutions.com\/de\/wp-json\/wp\/v2\/media?parent=3153"}],"curies":[{"name":"wp","href":"https:\/\/api.w.org\/{rel}","templated":true}]}}