{"id":3034,"date":"2020-06-26T10:43:02","date_gmt":"2020-06-26T08:43:02","guid":{"rendered":"https:\/\/amissolutions.com\/medication-logistics\/"},"modified":"2024-04-17T13:26:05","modified_gmt":"2024-04-17T11:26:05","slug":"medication-logistics","status":"publish","type":"page","link":"https:\/\/amissolutions.com\/de\/medication-logistics\/","title":{"rendered":"Medikamenten Logistik-L\u00f6sungen"},"content":{"rendered":"<p>[et_pb_section fb_built=&#8220;1&#8243; admin_label=&#8220;Intro Medication Logistics&#8220; _builder_version=&#8220;4.16&#8243; background_image=&#8220;https:\/\/amissolutions.com\/wp-content\/uploads\/2020\/06\/\u00a9PLF02948-sRGB-LR-e1593161493595.jpg&#8220; background_position=&#8220;top_center&#8220; height_tablet=&#8220;auto&#8220; height_phone=&#8220;auto&#8220; height_last_edited=&#8220;on|phone&#8220; max_height_tablet=&#8220;initial&#8220; max_height_phone=&#8220;initial&#8220; max_height_last_edited=&#8220;on|tablet&#8220; global_colors_info=&#8220;{}&#8220;][et_pb_row column_structure=&#8220;2_5,3_5&#8243; _builder_version=&#8220;4.16&#8243; global_colors_info=&#8220;{}&#8220;][et_pb_column type=&#8220;2_5&#8243; _builder_version=&#8220;4.16&#8243; background_color=&#8220;#ffffff&#8220; custom_padding=&#8220;40px|40px|40px|40px|false|false&#8220; global_colors_info=&#8220;{}&#8220;][et_pb_text disabled_on=&#8220;on|off|off&#8220; admin_label=&#8220;Header desktop&#8220; _builder_version=&#8220;4.16&#8243; header_font_size=&#8220;40px&#8220; global_colors_info=&#8220;{}&#8220;]<\/p>\n<h1>Medikamenten Logistik-L\u00f6sungen<\/h1>\n<p>[\/et_pb_text][et_pb_text disabled_on=&#8220;off|on|on&#8220; admin_label=&#8220;Header mobile&#8220; _builder_version=&#8220;4.16&#8243; global_colors_info=&#8220;{}&#8220;]<\/p>\n<h1>Medikamenten Logistik-L\u00f6sungen<\/h1>\n<p>[\/et_pb_text][et_pb_text _builder_version=&#8220;4.16&#8243; header_font_size=&#8220;40px&#8220; global_colors_info=&#8220;{}&#8220;]<\/p>\n<p>F\u00fcr jede Situation im Krankenhaus oder in der Pflegeeinrichtung bietet AMiS eine eigene logistische L\u00f6sung f\u00fcr den Transport von Medikamenten von der Apotheke zu den Stationen. Die Verbesserung der Pflegeprozesse am Patientenbett erm\u00f6glicht es den Angeh\u00f6rigen der Gesundheitsberufe, mehr Zeit und Aufmerksamkeit auf ihre Kernaufgabe zu verwenden: Dem Patienten die Pflege zukommen zu lassen, die er verdient!<\/p>\n<p>[\/et_pb_text][\/et_pb_column][et_pb_column type=&#8220;3_5&#8243; _builder_version=&#8220;4.16&#8243; global_colors_info=&#8220;{}&#8220;][et_pb_divider show_divider=&#8220;off&#8220; _builder_version=&#8220;4.16&#8243; global_colors_info=&#8220;{}&#8220;][\/et_pb_divider][\/et_pb_column][\/et_pb_row][\/et_pb_section][et_pb_section fb_built=&#8220;1&#8243; admin_label=&#8220;Testimonial&#8220; _builder_version=&#8220;4.24.3&#8243; background_color=&#8220;#0A0A0A&#8220; custom_padding=&#8220;20px||0px||false|false&#8220; hover_enabled=&#8220;0&#8243; global_colors_info=&#8220;{}&#8220; sticky_enabled=&#8220;0&#8243;][et_pb_row _builder_version=&#8220;4.16&#8243; global_colors_info=&#8220;{}&#8220;][et_pb_column type=&#8220;4_4&#8243; _builder_version=&#8220;4.16&#8243; global_colors_info=&#8220;{}&#8220;][et_pb_testimonial quote_icon=&#8220;off&#8220; _builder_version=&#8220;4.16&#8243; body_font=&#8220;||||||||&#8220; body_font_size=&#8220;36px&#8220; author_text_color=&#8220;#4a4a4a&#8220; author_font_size=&#8220;20px&#8220; position_text_color=&#8220;#4a4a4a&#8220; position_font_size=&#8220;19px&#8220; company_text_color=&#8220;#4a4a4a&#8220; company_font_size=&#8220;19px&#8220; background_color=&#8220;rgba(0,0,0,0)&#8220; text_orientation=&#8220;center&#8220; background_layout=&#8220;dark&#8220; body_font_size_tablet=&#8220;&#8220; body_font_size_phone=&#8220;24px&#8220; body_font_size_last_edited=&#8220;on|desktop&#8220; global_colors_info=&#8220;{}&#8220;]<\/p>\n<p style=\"text-align: center;\">\u201cSicher und effizient&#8230; nach dem Prinzip eines geschlossenen Regelkreises!\u201d<\/p>\n<p>[\/et_pb_testimonial][\/et_pb_column][\/et_pb_row][\/et_pb_section][et_pb_section fb_built=&#8220;1&#8243; _builder_version=&#8220;4.16&#8243; background_color=&#8220;#4a4a4a&#8220; global_colors_info=&#8220;{}&#8220;][et_pb_row _builder_version=&#8220;4.16&#8243; global_colors_info=&#8220;{}&#8220;][et_pb_column type=&#8220;4_4&#8243; _builder_version=&#8220;4.16&#8243; global_colors_info=&#8220;{}&#8220;][et_pb_image src=&#8220;https:\/\/amissolutions.com\/wp-content\/uploads\/2020\/06\/Logistics-afbeelding-new.jpg&#8220; align=&#8220;center&#8220; _builder_version=&#8220;4.16&#8243; background_color=&#8220;#4a4a4a&#8220; global_colors_info=&#8220;{}&#8220;][\/et_pb_image][et_pb_divider show_divider=&#8220;off&#8220; _builder_version=&#8220;4.16&#8243; global_colors_info=&#8220;{}&#8220;][\/et_pb_divider][et_pb_text _builder_version=&#8220;4.16&#8243; text_text_color=&#8220;#ffffff&#8220; header_4_text_align=&#8220;center&#8220; header_4_text_color=&#8220;#ffffff&#8220; text_orientation=&#8220;center&#8220; text_text_align=&#8220;center&#8220; global_colors_info=&#8220;{}&#8220;]<\/p>\n<h4>Tauschen Sie einzelne Schubladen mit Hilfe eines Transportwagens aus oder verwenden Sie die austauschbaren Medikamentenboxen zusammen mit verschiedenen Schubladen-Transportl\u00f6sungen. Alle angebotenen M\u00f6glichkeiten k\u00f6nnen f\u00fcr den sicheren und effizienten Transport von Arzneimitteln zwischen der (Zentral-)Apotheke und den Abteilung genutzt werden.<\/h4>\n<p>[\/et_pb_text][\/et_pb_column][\/et_pb_row][\/et_pb_section][et_pb_section fb_built=&#8220;1&#8243; admin_label=&#8220;Bin Transport&#8220; _builder_version=&#8220;4.16&#8243; global_colors_info=&#8220;{}&#8220;][et_pb_row column_structure=&#8220;2_3,1_3&#8243; _builder_version=&#8220;4.16&#8243; global_colors_info=&#8220;{}&#8220;][et_pb_column type=&#8220;2_3&#8243; _builder_version=&#8220;4.16&#8243; global_colors_info=&#8220;{}&#8220;][et_pb_text _builder_version=&#8220;4.24.3&#8243; header_text_color=&#8220;#b3be0e&#8220; header_font_size=&#8220;43px&#8220; hover_enabled=&#8220;0&#8243; global_colors_info=&#8220;{}&#8220; sticky_enabled=&#8220;0&#8243;]<\/p>\n<h1><span style=\"color: #000000;\">Transport einzelner Schubladen<\/span><\/h1>\n<ul>\n<li>Austausch und Transport von mehreren gesicherten Schubladen von einer oder mehreren Stationen<\/li>\n<li>Es besteht keine Notwendigkeit komplette Medikamentenboxen anzubringen oder abzunehmen<\/li>\n<li>Der Transportwagen kann dazu ben\u00f6tigt werden die Medikamentenschubladen in der Hausapotheke zu bef\u00fcllen<\/li>\n<li>Ergonomisches und kompaktes Design<\/li>\n<li>Austausch von bis zu 48 Schubladen in einem einzigen Waggon (oder 96 in einer doppelt breiten Konfiguration)<\/li>\n<\/ul>\n<p>[\/et_pb_text][\/et_pb_column][et_pb_column type=&#8220;1_3&#8243; _builder_version=&#8220;4.16&#8243; global_colors_info=&#8220;{}&#8220;][et_pb_image src=&#8220;https:\/\/amissolutions.com\/wp-content\/uploads\/2020\/06\/bin-transport.jpg&#8220; align=&#8220;center&#8220; _builder_version=&#8220;4.16&#8243; global_colors_info=&#8220;{}&#8220;][\/et_pb_image][\/et_pb_column][\/et_pb_row][\/et_pb_section][et_pb_section fb_built=&#8220;1&#8243; admin_label=&#8220;Box transport &#8211; per box&#8220; _builder_version=&#8220;4.16&#8243; background_color=&#8220;#ebebeb&#8220; global_colors_info=&#8220;{}&#8220;][et_pb_row column_structure=&#8220;1_3,2_3&#8243; _builder_version=&#8220;4.16&#8243; global_colors_info=&#8220;{}&#8220;][et_pb_column type=&#8220;1_3&#8243; _builder_version=&#8220;4.16&#8243; global_colors_info=&#8220;{}&#8220;][et_pb_image src=&#8220;https:\/\/amissolutions.com\/wp-content\/uploads\/2020\/06\/box-transport-per-box.jpg&#8220; align=&#8220;center&#8220; _builder_version=&#8220;4.16&#8243; global_colors_info=&#8220;{}&#8220;][\/et_pb_image][\/et_pb_column][et_pb_column type=&#8220;2_3&#8243; _builder_version=&#8220;4.16&#8243; global_colors_info=&#8220;{}&#8220;][et_pb_text _builder_version=&#8220;4.24.3&#8243; header_text_color=&#8220;#b3be0e&#8220; header_font_size=&#8220;43px&#8220; hover_enabled=&#8220;0&#8243; global_colors_info=&#8220;{}&#8220; sticky_enabled=&#8220;0&#8243;]<\/p>\n<h1><span style=\"color: #000000;\">Transport einzelner Medikamentenboxen<\/span><\/h1>\n<ul>\n<li>Transport von komplett gesicherten Medikamentenboxen<\/li>\n<li>Einfache und leichte Befestigung am AMiS (kein Anheben erforderlich)<\/li>\n<li>Geeignet als &#8222;F\u00fcllwagen&#8220; zum Best\u00fccken der Medikamentenbox in der Hausapotheke<\/li>\n<li>Mehrere Transportwagen lassen sich wie ein Zug miteinander verbinden, um sie gleichzeitig zu transportieren<\/li>\n<\/ul>\n<p>[\/et_pb_text][\/et_pb_column][\/et_pb_row][\/et_pb_section][et_pb_section fb_built=&#8220;1&#8243; admin_label=&#8220;Box Transport&#8220; _builder_version=&#8220;4.16&#8243; background_color=&#8220;#d7d7d7&#8243; global_colors_info=&#8220;{}&#8220;][et_pb_row column_structure=&#8220;2_3,1_3&#8243; _builder_version=&#8220;4.16&#8243; global_colors_info=&#8220;{}&#8220;][et_pb_column type=&#8220;2_3&#8243; _builder_version=&#8220;4.16&#8243; global_colors_info=&#8220;{}&#8220;][et_pb_text _builder_version=&#8220;4.24.3&#8243; header_text_color=&#8220;#b3be0e&#8220; header_font_size=&#8220;43px&#8220; hover_enabled=&#8220;0&#8243; global_colors_info=&#8220;{}&#8220; sticky_enabled=&#8220;0&#8243;]<\/p>\n<h1><span style=\"color: #000000;\">Transport mehrerer Medikamentenboxen<\/span><\/h1>\n<ul>\n<li>Transport kompletter Boxen einschlie\u00dflich Schubladen<\/li>\n<li>Transport von bis zu vier Medikamentenboxen gleichzeitig<\/li>\n<\/ul>\n<p>[\/et_pb_text][\/et_pb_column][et_pb_column type=&#8220;1_3&#8243; _builder_version=&#8220;4.16&#8243; global_colors_info=&#8220;{}&#8220;][et_pb_image src=&#8220;https:\/\/amissolutions.com\/wp-content\/uploads\/2020\/06\/Box-transport.png&#8220; align=&#8220;center&#8220; _builder_version=&#8220;4.16&#8243; global_colors_info=&#8220;{}&#8220;][\/et_pb_image][\/et_pb_column][\/et_pb_row][\/et_pb_section][et_pb_section fb_built=&#8220;1&#8243; admin_label=&#8220;CTA&#8220; _builder_version=&#8220;4.16&#8243; background_image=&#8220;https:\/\/amissolutions.com\/wp-content\/uploads\/2020\/06\/Weglopen-AMiS-PRO-zwart-175-e1592296903853.jpg&#8220; background_position=&#8220;top_center&#8220; custom_padding=&#8220;100px||100px||false|false&#8220; global_colors_info=&#8220;{}&#8220;][et_pb_row _builder_version=&#8220;4.16&#8243; global_colors_info=&#8220;{}&#8220;][et_pb_column type=&#8220;4_4&#8243; _builder_version=&#8220;4.16&#8243; global_colors_info=&#8220;{}&#8220;][et_pb_text _builder_version=&#8220;4.16&#8243; text_font_size=&#8220;32px&#8220; text_line_height=&#8220;1.5em&#8220; header_2_font=&#8220;|800|||||||&#8220; header_2_font_size=&#8220;50px&#8220; text_orientation=&#8220;center&#8220; background_layout=&#8220;dark&#8220; max_width=&#8220;440px&#8220; module_alignment=&#8220;center&#8220; text_font_size_tablet=&#8220;&#8220; text_font_size_phone=&#8220;20px&#8220; text_font_size_last_edited=&#8220;on|desktop&#8220; header_2_font_size_tablet=&#8220;40px&#8220; header_2_font_size_phone=&#8220;30px&#8220; header_2_font_size_last_edited=&#8220;on|phone&#8220; text_text_align=&#8220;center&#8220; global_colors_info=&#8220;{}&#8220;]<\/p>\n<h2>Weitere Informationen \u00fcber Medication Logistics?<\/h2>\n<p>[\/et_pb_text][et_pb_divider show_divider=&#8220;off&#8220; admin_label=&#8220;Divider&#8220; _builder_version=&#8220;4.16&#8243; custom_margin=&#8220;20px||20px||false|false&#8220; global_colors_info=&#8220;{}&#8220;][\/et_pb_divider][et_pb_button button_url=&#8220;https:\/\/amissolutions.com\/de\/contact\/&#8220; button_text=&#8220;Kontaktieren Sie uns!&#8220; button_alignment=&#8220;center&#8220; _builder_version=&#8220;4.16&#8243; global_colors_info=&#8220;{}&#8220;][\/et_pb_button][\/et_pb_column][\/et_pb_row][\/et_pb_section]<\/p>\n","protected":false},"excerpt":{"rendered":"<p>Medikamenten Logistik-L\u00f6sungenMedikamenten Logistik-L\u00f6sungenF\u00fcr jede Situation im Krankenhaus oder in der Pflegeeinrichtung bietet AMiS eine eigene logistische L\u00f6sung f\u00fcr den Transport von Medikamenten von der Apotheke zu den Stationen. Die Verbesserung der Pflegeprozesse am Patientenbett erm\u00f6glicht es den Angeh\u00f6rigen der Gesundheitsberufe, mehr Zeit und Aufmerksamkeit auf ihre Kernaufgabe zu verwenden: Dem Patienten die Pflege zukommen zu [&hellip;]<\/p>\n","protected":false},"author":2,"featured_media":0,"parent":0,"menu_order":0,"comment_status":"closed","ping_status":"closed","template":"","meta":{"_et_pb_use_builder":"on","_et_pb_old_content":"","_et_gb_content_width":"","footnotes":"","_links_to":"","_links_to_target":""},"class_list":["post-3034","page","type-page","status-publish","hentry"],"yoast_head":"<!-- This site is optimized with the Yoast SEO plugin v27.5 - https:\/\/yoast.com\/product\/yoast-seo-wordpress\/ -->\n<title>Medikamenten Logistik-L\u00f6sungen - AMiS<\/title>\n<meta name=\"description\" content=\"At AMiS, we offer innovative medical solutions to improve hospital workflows. Read everything about Medikamenten Logistik-L\u00f6sungen on our website.\" \/>\n<meta name=\"robots\" content=\"index, follow, max-snippet:-1, max-image-preview:large, max-video-preview:-1\" \/>\n<link rel=\"canonical\" href=\"https:\/\/amissolutions.com\/de\/medication-logistics\/\" \/>\n<meta property=\"og:locale\" content=\"de_DE\" \/>\n<meta property=\"og:type\" content=\"article\" \/>\n<meta property=\"og:title\" content=\"Medikamenten Logistik-L\u00f6sungen - AMiS\" \/>\n<meta property=\"og:description\" content=\"At AMiS, we offer innovative medical solutions to improve hospital workflows. Read everything about Medikamenten Logistik-L\u00f6sungen on our website.\" \/>\n<meta property=\"og:url\" content=\"https:\/\/amissolutions.com\/de\/medication-logistics\/\" \/>\n<meta property=\"og:site_name\" content=\"AMiS\" \/>\n<meta property=\"article:modified_time\" content=\"2024-04-17T11:26:05+00:00\" \/>\n<meta name=\"twitter:card\" content=\"summary_large_image\" \/>\n<meta name=\"twitter:label1\" content=\"Gesch\u00e4tzte Lesezeit\" \/>\n\t<meta name=\"twitter:data1\" content=\"6\u00a0Minuten\" \/>\n<script type=\"application\/ld+json\" class=\"yoast-schema-graph\">{\"@context\":\"https:\\\/\\\/schema.org\",\"@graph\":[{\"@type\":\"WebPage\",\"@id\":\"https:\\\/\\\/amissolutions.com\\\/de\\\/medication-logistics\\\/\",\"url\":\"https:\\\/\\\/amissolutions.com\\\/de\\\/medication-logistics\\\/\",\"name\":\"Medikamenten Logistik-L\u00f6sungen - AMiS\",\"isPartOf\":{\"@id\":\"https:\\\/\\\/amissolutions.com\\\/de\\\/#website\"},\"datePublished\":\"2020-06-26T08:43:02+00:00\",\"dateModified\":\"2024-04-17T11:26:05+00:00\",\"description\":\"At AMiS, we offer innovative medical solutions to improve hospital workflows. Read everything about Medikamenten Logistik-L\u00f6sungen on our website.\",\"breadcrumb\":{\"@id\":\"https:\\\/\\\/amissolutions.com\\\/de\\\/medication-logistics\\\/#breadcrumb\"},\"inLanguage\":\"de\",\"potentialAction\":[{\"@type\":\"ReadAction\",\"target\":[\"https:\\\/\\\/amissolutions.com\\\/de\\\/medication-logistics\\\/\"]}]},{\"@type\":\"BreadcrumbList\",\"@id\":\"https:\\\/\\\/amissolutions.com\\\/de\\\/medication-logistics\\\/#breadcrumb\",\"itemListElement\":[{\"@type\":\"ListItem\",\"position\":1,\"name\":\"Home\",\"item\":\"https:\\\/\\\/amissolutions.com\\\/de\\\/\"},{\"@type\":\"ListItem\",\"position\":2,\"name\":\"Medikamenten Logistik-L\u00f6sungen\"}]},{\"@type\":\"WebSite\",\"@id\":\"https:\\\/\\\/amissolutions.com\\\/de\\\/#website\",\"url\":\"https:\\\/\\\/amissolutions.com\\\/de\\\/\",\"name\":\"AMiS\",\"description\":\"The Digital Revolution in Nursing\",\"publisher\":{\"@id\":\"https:\\\/\\\/amissolutions.com\\\/de\\\/#organization\"},\"potentialAction\":[{\"@type\":\"SearchAction\",\"target\":{\"@type\":\"EntryPoint\",\"urlTemplate\":\"https:\\\/\\\/amissolutions.com\\\/de\\\/?s={search_term_string}\"},\"query-input\":{\"@type\":\"PropertyValueSpecification\",\"valueRequired\":true,\"valueName\":\"search_term_string\"}}],\"inLanguage\":\"de\"},{\"@type\":\"Organization\",\"@id\":\"https:\\\/\\\/amissolutions.com\\\/de\\\/#organization\",\"name\":\"Amis Solutions\",\"url\":\"https:\\\/\\\/amissolutions.com\\\/de\\\/\",\"logo\":{\"@type\":\"ImageObject\",\"inLanguage\":\"de\",\"@id\":\"https:\\\/\\\/amissolutions.com\\\/de\\\/#\\\/schema\\\/logo\\\/image\\\/\",\"url\":\"https:\\\/\\\/amissolutions.com\\\/wp-content\\\/uploads\\\/2020\\\/05\\\/logo.png\",\"contentUrl\":\"https:\\\/\\\/amissolutions.com\\\/wp-content\\\/uploads\\\/2020\\\/05\\\/logo.png\",\"width\":547,\"height\":341,\"caption\":\"Amis Solutions\"},\"image\":{\"@id\":\"https:\\\/\\\/amissolutions.com\\\/de\\\/#\\\/schema\\\/logo\\\/image\\\/\"}}]}<\/script>\n<!-- \/ Yoast SEO plugin. -->","yoast_head_json":{"title":"Medikamenten Logistik-L\u00f6sungen - AMiS","description":"At AMiS, we offer innovative medical solutions to improve hospital workflows. Read everything about Medikamenten Logistik-L\u00f6sungen on our website.","robots":{"index":"index","follow":"follow","max-snippet":"max-snippet:-1","max-image-preview":"max-image-preview:large","max-video-preview":"max-video-preview:-1"},"canonical":"https:\/\/amissolutions.com\/de\/medication-logistics\/","og_locale":"de_DE","og_type":"article","og_title":"Medikamenten Logistik-L\u00f6sungen - AMiS","og_description":"At AMiS, we offer innovative medical solutions to improve hospital workflows. Read everything about Medikamenten Logistik-L\u00f6sungen on our website.","og_url":"https:\/\/amissolutions.com\/de\/medication-logistics\/","og_site_name":"AMiS","article_modified_time":"2024-04-17T11:26:05+00:00","twitter_card":"summary_large_image","twitter_misc":{"Gesch\u00e4tzte Lesezeit":"6\u00a0Minuten"},"schema":{"@context":"https:\/\/schema.org","@graph":[{"@type":"WebPage","@id":"https:\/\/amissolutions.com\/de\/medication-logistics\/","url":"https:\/\/amissolutions.com\/de\/medication-logistics\/","name":"Medikamenten Logistik-L\u00f6sungen - AMiS","isPartOf":{"@id":"https:\/\/amissolutions.com\/de\/#website"},"datePublished":"2020-06-26T08:43:02+00:00","dateModified":"2024-04-17T11:26:05+00:00","description":"At AMiS, we offer innovative medical solutions to improve hospital workflows. Read everything about Medikamenten Logistik-L\u00f6sungen on our website.","breadcrumb":{"@id":"https:\/\/amissolutions.com\/de\/medication-logistics\/#breadcrumb"},"inLanguage":"de","potentialAction":[{"@type":"ReadAction","target":["https:\/\/amissolutions.com\/de\/medication-logistics\/"]}]},{"@type":"BreadcrumbList","@id":"https:\/\/amissolutions.com\/de\/medication-logistics\/#breadcrumb","itemListElement":[{"@type":"ListItem","position":1,"name":"Home","item":"https:\/\/amissolutions.com\/de\/"},{"@type":"ListItem","position":2,"name":"Medikamenten Logistik-L\u00f6sungen"}]},{"@type":"WebSite","@id":"https:\/\/amissolutions.com\/de\/#website","url":"https:\/\/amissolutions.com\/de\/","name":"AMiS","description":"The Digital Revolution in Nursing","publisher":{"@id":"https:\/\/amissolutions.com\/de\/#organization"},"potentialAction":[{"@type":"SearchAction","target":{"@type":"EntryPoint","urlTemplate":"https:\/\/amissolutions.com\/de\/?s={search_term_string}"},"query-input":{"@type":"PropertyValueSpecification","valueRequired":true,"valueName":"search_term_string"}}],"inLanguage":"de"},{"@type":"Organization","@id":"https:\/\/amissolutions.com\/de\/#organization","name":"Amis Solutions","url":"https:\/\/amissolutions.com\/de\/","logo":{"@type":"ImageObject","inLanguage":"de","@id":"https:\/\/amissolutions.com\/de\/#\/schema\/logo\/image\/","url":"https:\/\/amissolutions.com\/wp-content\/uploads\/2020\/05\/logo.png","contentUrl":"https:\/\/amissolutions.com\/wp-content\/uploads\/2020\/05\/logo.png","width":547,"height":341,"caption":"Amis Solutions"},"image":{"@id":"https:\/\/amissolutions.com\/de\/#\/schema\/logo\/image\/"}}]}},"_links":{"self":[{"href":"https:\/\/amissolutions.com\/de\/wp-json\/wp\/v2\/pages\/3034","targetHints":{"allow":["GET"]}}],"collection":[{"href":"https:\/\/amissolutions.com\/de\/wp-json\/wp\/v2\/pages"}],"about":[{"href":"https:\/\/amissolutions.com\/de\/wp-json\/wp\/v2\/types\/page"}],"author":[{"embeddable":true,"href":"https:\/\/amissolutions.com\/de\/wp-json\/wp\/v2\/users\/2"}],"replies":[{"embeddable":true,"href":"https:\/\/amissolutions.com\/de\/wp-json\/wp\/v2\/comments?post=3034"}],"version-history":[{"count":3,"href":"https:\/\/amissolutions.com\/de\/wp-json\/wp\/v2\/pages\/3034\/revisions"}],"predecessor-version":[{"id":19825,"href":"https:\/\/amissolutions.com\/de\/wp-json\/wp\/v2\/pages\/3034\/revisions\/19825"}],"wp:attachment":[{"href":"https:\/\/amissolutions.com\/de\/wp-json\/wp\/v2\/media?parent=3034"}],"curies":[{"name":"wp","href":"https:\/\/api.w.org\/{rel}","templated":true}]}}